{"id":1488,"date":"2024-11-05T10:31:57","date_gmt":"2024-11-05T13:31:57","guid":{"rendered":"https:\/\/compcell.com.br\/site\/home\/"},"modified":"2024-11-07T13:58:23","modified_gmt":"2024-11-07T16:58:23","slug":"home","status":"publish","type":"page","link":"http:\/\/compcell.com.br\/site\/","title":{"rendered":"Inicio"},"content":{"rendered":"\n<div class=\"wp-block-uagb-container uagb-block-0510ccec alignfull uagb-is-root-container\"><div class=\"uagb-container-inner-blocks-wrap\">\n<div class=\"wp-block-uagb-container uagb-block-5cb4b1bf\">\n<div class=\"wp-block-uagb-info-box uagb-block-7368a642 uagb-infobox__content-wrap  uagb-infobox-icon-above-title uagb-infobox-image-valign-top\"><div class=\"uagb-ifb-content\"><div class=\"uagb-ifb-title-wrap\"><h1 class=\"uagb-ifb-title\">A Tecnologia que impulsiona seu neg\u00f3cio!\u200b<\/h1><\/div><p class=\"uagb-ifb-desc\">Desde 1997, a <strong>Compcell Inform\u00e1tica<\/strong> apoia varejistas e usu\u00e1rios finais em Campinas com solu\u00e7\u00f5es completas para PDVs, notebooks e desktops. Com um suporte \u00e1gil e equipamentos de ponta, oferecemos a tecnologia que impulsiona neg\u00f3cios e facilita o dia a dia.<\/p><div class=\"uagb-ifb-button-wrapper wp-block-button\"><a href=\"https:\/\/wa.me\/19978059959\" class=\"uagb-infobox-cta-link wp-block-button__link\" target=\"_blank\" rel=\"noopener noreferrer\" onclick=\"return true;\"><span class=\"uagb-inline-editing\">Entre Em COntato<\/span><\/a><\/div><\/div><\/div>\n<\/div>\n<\/div><\/div>\n\n\n\n<div class=\"wp-block-uagb-container uagb-block-7b830887 alignfull uagb-is-root-container\"><div class=\"uagb-container-inner-blocks-wrap\">\n<div class=\"wp-block-uagb-advanced-heading uagb-block-c4252b01\"><h2 class=\"uagb-heading-text\">Como podemos te ajudar?\u200b<\/h2><p class=\"uagb-desc-text\">Listamos alguns servi\u00e7os que oferecemos a nossos parceiros de campinas e regi\u00e3o.\u200b<\/p><\/div>\n\n\n\n<div class=\"wp-block-uagb-container uagb-block-4d4d48d6\">\n<div class=\"wp-block-uagb-container uagb-block-e35a1fde\">\n<div class=\"wp-block-uagb-info-box uagb-block-318f4bee uagb-infobox__content-wrap  uagb-infobox-icon-above-title uagb-infobox-image-valign-top\"><div class=\"uagb-ifb-content\"><div class=\"uagb-ifb-icon-wrap\"><svg xmlns=\"https:\/\/www.w3.org\/2000\/svg\" viewBox=\"0 0 512 512\"><path d=\"M464 288h-416C21.5 288 0 309.5 0 336v96C0 458.5 21.5 480 48 480h416c26.5 0 48-21.5 48-48v-96C512 309.5 490.5 288 464 288zM320 416c-17.62 0-32-14.38-32-32s14.38-32 32-32s32 14.38 32 32S337.6 416 320 416zM416 416c-17.62 0-32-14.38-32-32s14.38-32 32-32s32 14.38 32 32S433.6 416 416 416zM464 32h-416C21.5 32 0 53.5 0 80v192.4C13.41 262.3 29.92 256 48 256h416c18.08 0 34.59 6.254 48 16.41V80C512 53.5 490.5 32 464 32z\"><\/path><\/svg><\/div><div class=\"uagb-ifb-title-wrap\"><h4 class=\"uagb-ifb-title\"><strong>Formata\u00e7\u00e3o\u200b<\/strong><\/h4><\/div><p class=\"uagb-ifb-desc\">Formata\u00e7\u00e3o completa e limpa com ISO oficial da microsoft, oferecemos a op\u00e7\u00e3o de formatacao com e sem BKP.<\/p><\/div><\/div>\n<\/div>\n\n\n\n<div class=\"wp-block-uagb-container uagb-block-f0fb8981\">\n<div class=\"wp-block-uagb-info-box uagb-block-c2361e87 uagb-infobox__content-wrap  uagb-infobox-icon-above-title uagb-infobox-image-valign-top\"><div class=\"uagb-ifb-content\"><div class=\"uagb-ifb-icon-wrap\"><svg xmlns=\"https:\/\/www.w3.org\/2000\/svg\" viewBox=\"0 0 448 512\"><path d=\"M448 80V128C448 172.2 347.7 208 224 208C100.3 208 0 172.2 0 128V80C0 35.82 100.3 0 224 0C347.7 0 448 35.82 448 80zM393.2 214.7C413.1 207.3 433.1 197.8 448 186.1V288C448 332.2 347.7 368 224 368C100.3 368 0 332.2 0 288V186.1C14.93 197.8 34.02 207.3 54.85 214.7C99.66 230.7 159.5 240 224 240C288.5 240 348.3 230.7 393.2 214.7V214.7zM54.85 374.7C99.66 390.7 159.5 400 224 400C288.5 400 348.3 390.7 393.2 374.7C413.1 367.3 433.1 357.8 448 346.1V432C448 476.2 347.7 512 224 512C100.3 512 0 476.2 0 432V346.1C14.93 357.8 34.02 367.3 54.85 374.7z\"><\/path><\/svg><\/div><div class=\"uagb-ifb-title-wrap\"><h4 class=\"uagb-ifb-title\"><strong><strong>Backup\u200b<\/strong><\/strong><\/h4><\/div><p class=\"uagb-ifb-desc\">N\u00e3o tem muita familiaridade com a estrutura de pasta do windows, n\u00e3o se preocupe, fazemos o Backup de seus arquivos.<\/p><\/div><\/div>\n<\/div>\n\n\n\n<div class=\"wp-block-uagb-container uagb-block-fb564294\">\n<div class=\"wp-block-uagb-info-box uagb-block-0a431fb6 uagb-infobox__content-wrap  uagb-infobox-icon-above-title uagb-infobox-image-valign-top\"><div class=\"uagb-ifb-content\"><div class=\"uagb-ifb-icon-wrap\"><svg xmlns=\"https:\/\/www.w3.org\/2000\/svg\" viewBox=\"0 0 640 512\"><path d=\"M640 320V368C640 385.7 625.7 400 608 400H574.7C567.1 445.4 527.6 480 480 480C432.4 480 392.9 445.4 385.3 400H254.7C247.1 445.4 207.6 480 160 480C112.4 480 72.94 445.4 65.33 400H32C14.33 400 0 385.7 0 368V256C0 228.9 16.81 205.8 40.56 196.4L82.2 92.35C96.78 55.9 132.1 32 171.3 32H353.2C382.4 32 409.1 45.26 428.2 68.03L528.2 193C591.2 200.1 640 254.8 640 319.1V320zM171.3 96C158.2 96 146.5 103.1 141.6 116.1L111.3 192H224V96H171.3zM272 192H445.4L378.2 108C372.2 100.4 362.1 96 353.2 96H272V192zM525.3 400C527 394.1 528 389.6 528 384C528 357.5 506.5 336 480 336C453.5 336 432 357.5 432 384C432 389.6 432.1 394.1 434.7 400C441.3 418.6 459.1 432 480 432C500.9 432 518.7 418.6 525.3 400zM205.3 400C207 394.1 208 389.6 208 384C208 357.5 186.5 336 160 336C133.5 336 112 357.5 112 384C112 389.6 112.1 394.1 114.7 400C121.3 418.6 139.1 432 160 432C180.9 432 198.7 418.6 205.3 400z\"><\/path><\/svg><\/div><div class=\"uagb-ifb-title-wrap\"><h4 class=\"uagb-ifb-title\">Visita Tecnica<\/h4><\/div><p class=\"uagb-ifb-desc\">Precisa de alguma ajuda com inform\u00e1tica na sua resid\u00eancia, a compcell vai at\u00e9 voc\u00ea para retiradas, entregas e suporte.<\/p><\/div><\/div>\n<\/div>\n\n\n\n<div class=\"wp-block-uagb-container uagb-block-44e897c5\">\n<div class=\"wp-block-uagb-info-box uagb-block-aab0c17a uagb-infobox__content-wrap  uagb-infobox-icon-above-title uagb-infobox-image-valign-top\"><div class=\"uagb-ifb-content\"><div class=\"uagb-ifb-icon-wrap\"><svg xmlns=\"https:\/\/www.w3.org\/2000\/svg\" viewBox=\"0 0 384 512\"><path d=\"M112.1 454.3c0 6.297 1.816 12.44 5.284 17.69l17.14 25.69c5.25 7.875 17.17 14.28 26.64 14.28h61.67c9.438 0 21.36-6.401 26.61-14.28l17.08-25.68c2.938-4.438 5.348-12.37 5.348-17.7L272 415.1h-160L112.1 454.3zM191.4 .0132C89.44 .3257 16 82.97 16 175.1c0 44.38 16.44 84.84 43.56 115.8c16.53 18.84 42.34 58.23 52.22 91.45c.0313 .25 .0938 .5166 .125 .7823h160.2c.0313-.2656 .0938-.5166 .125-.7823c9.875-33.22 35.69-72.61 52.22-91.45C351.6 260.8 368 220.4 368 175.1C368 78.61 288.9-.2837 191.4 .0132zM192 96.01c-44.13 0-80 35.89-80 79.1C112 184.8 104.8 192 96 192S80 184.8 80 176c0-61.76 50.25-111.1 112-111.1c8.844 0 16 7.159 16 16S200.8 96.01 192 96.01z\"><\/path><\/svg><\/div><div class=\"uagb-ifb-title-wrap\"><h4 class=\"uagb-ifb-title\"><strong>Produtos Inovadores\u200b<\/strong><\/h4><\/div><p class=\"uagb-ifb-desc\">Nossa empresa se mantem sempre atualizada com a evolu\u00e7\u00e3o dos produtos, e solu\u00e7\u00f5es em atoma\u00e7\u00e3o.<\/p><\/div><\/div>\n<\/div>\n\n\n\n<div class=\"wp-block-uagb-container uagb-block-6ecad6e4\">\n<div class=\"wp-block-uagb-info-box uagb-block-1e58973e uagb-infobox__content-wrap  uagb-infobox-icon-above-title uagb-infobox-image-valign-top\"><div class=\"uagb-ifb-content\"><div class=\"uagb-ifb-icon-wrap\"><svg xmlns=\"https:\/\/www.w3.org\/2000\/svg\" viewBox=\"0 0 640 512\"><path d=\"M128 96h384v256h64V80C576 53.63 554.4 32 528 32h-416C85.63 32 64 53.63 64 80V352h64V96zM624 384h-608C7.25 384 0 391.3 0 400V416c0 35.25 28.75 64 64 64h512c35.25 0 64-28.75 64-64v-16C640 391.3 632.8 384 624 384zM365.9 286.2C369.8 290.1 374.9 292 380 292s10.23-1.938 14.14-5.844l48-48c7.812-7.813 7.812-20.5 0-28.31l-48-48c-7.812-7.813-20.47-7.813-28.28 0c-7.812 7.813-7.812 20.5 0 28.31l33.86 33.84l-33.86 33.84C358 265.7 358 278.4 365.9 286.2zM274.1 161.9c-7.812-7.813-20.47-7.813-28.28 0l-48 48c-7.812 7.813-7.812 20.5 0 28.31l48 48C249.8 290.1 254.9 292 260 292s10.23-1.938 14.14-5.844c7.812-7.813 7.812-20.5 0-28.31L240.3 224l33.86-33.84C281.1 182.4 281.1 169.7 274.1 161.9z\"><\/path><\/svg><\/div><div class=\"uagb-ifb-title-wrap\"><h4 class=\"uagb-ifb-title\"><strong><strong><strong>Montagem de Maquinas\u200b<\/strong>\u200b<\/strong><\/strong><\/h4><\/div><p class=\"uagb-ifb-desc\">Vendemos e montamos sua maquina, com pe\u00e7as originais e com garantia. Possuimos uma equipe tecnica experiente para te entregar o melhor produto para voce ou seu negocio<\/p><\/div><\/div>\n<\/div>\n\n\n\n<div class=\"wp-block-uagb-container uagb-block-a021c308\">\n<div class=\"wp-block-uagb-info-box uagb-block-ddf22a23 uagb-infobox__content-wrap  uagb-infobox-icon-above-title uagb-infobox-image-valign-top\"><div class=\"uagb-ifb-content\"><div class=\"uagb-ifb-icon-wrap\"><svg xmlns=\"https:\/\/www.w3.org\/2000\/svg\" viewBox=\"0 0 512 512\"><path d=\"M256 0C114.6 0 0 114.6 0 256s114.6 256 256 256s256-114.6 256-256S397.4 0 256 0zM256 128c39.77 0 72 32.24 72 72S295.8 272 256 272c-39.76 0-72-32.24-72-72S216.2 128 256 128zM256 448c-52.93 0-100.9-21.53-135.7-56.29C136.5 349.9 176.5 320 224 320h64c47.54 0 87.54 29.88 103.7 71.71C356.9 426.5 308.9 448 256 448z\"><\/path><\/svg><\/div><div class=\"uagb-ifb-title-wrap\"><h4 class=\"uagb-ifb-title\"><strong>Suporte Remoto\u200b<\/strong>\u200b\u200b<\/h4><\/div><p class=\"uagb-ifb-desc\">Entre em contato e receba assessoria tecnica para solu\u00e7\u00e3o tecnologica para seu problema, sem sair de casa. E sem precisa que alguem se desloque at\u00e9 sua residencia.<\/p><\/div><\/div>\n<\/div>\n<\/div>\n<\/div><\/div>\n\n\n\n<div class=\"wp-block-uagb-container uagb-block-4bf68d2c alignfull uagb-is-root-container\"><div class=\"uagb-container-inner-blocks-wrap\">\n<div class=\"wp-block-uagb-advanced-heading uagb-block-3f15a6cb\"><h2 class=\"uagb-heading-text\">Projetos<\/h2><p class=\"uagb-desc-text\">Atendemos uma gama vasta de clientes e servi\u00e7os, desde computadores de alta performance a servi\u00e7os ao comercio campineiro.<\/p><\/div>\n\n\n\n<div class=\"wp-block-uagb-container uagb-block-08b23a9b\">\n<div class=\"wp-block-uagb-image uagb-block-a7c3c2df wp-block-uagb-image--layout-default wp-block-uagb-image--effect-static wp-block-uagb-image--align-none\"><figure class=\"wp-block-uagb-image__figure\"><img decoding=\"async\" srcset=\"http:\/\/compcell.com.br\/site\/wp-content\/uploads\/2024\/11\/5.jpg ,http:\/\/compcell.com.br\/site\/wp-content\/uploads\/2024\/11\/5.jpg 780w, http:\/\/compcell.com.br\/site\/wp-content\/uploads\/2024\/11\/5.jpg 360w\" sizes=\"auto, (max-width: 480px) 150px\" src=\"http:\/\/compcell.com.br\/site\/wp-content\/uploads\/2024\/11\/5.jpg\" alt=\"\" class=\"uag-image-2447\" width=\"625\" height=\"625\" title=\"5\" loading=\"lazy\" role=\"img\"\/><\/figure><\/div>\n\n\n\n<div class=\"wp-block-uagb-image uagb-block-1e3c49d5 wp-block-uagb-image--layout-default wp-block-uagb-image--effect-static wp-block-uagb-image--align-none\"><figure class=\"wp-block-uagb-image__figure\"><img decoding=\"async\" srcset=\"http:\/\/compcell.com.br\/site\/wp-content\/uploads\/2024\/11\/2.jpg ,http:\/\/compcell.com.br\/site\/wp-content\/uploads\/2024\/11\/2.jpg 780w, http:\/\/compcell.com.br\/site\/wp-content\/uploads\/2024\/11\/2.jpg 360w\" sizes=\"auto, (max-width: 480px) 150px\" src=\"http:\/\/compcell.com.br\/site\/wp-content\/uploads\/2024\/11\/2.jpg\" alt=\"\" class=\"uag-image-2444\" width=\"625\" height=\"625\" title=\"2\" loading=\"lazy\" role=\"img\"\/><\/figure><\/div>\n\n\n\n<div class=\"wp-block-uagb-image uagb-block-bc4f23dd wp-block-uagb-image--layout-default wp-block-uagb-image--effect-static wp-block-uagb-image--align-none\"><figure class=\"wp-block-uagb-image__figure\"><img decoding=\"async\" srcset=\"http:\/\/compcell.com.br\/site\/wp-content\/uploads\/2024\/11\/1.jpg ,http:\/\/compcell.com.br\/site\/wp-content\/uploads\/2024\/11\/1.jpg 780w, http:\/\/compcell.com.br\/site\/wp-content\/uploads\/2024\/11\/1.jpg 360w\" sizes=\"auto, (max-width: 480px) 150px\" src=\"http:\/\/compcell.com.br\/site\/wp-content\/uploads\/2024\/11\/1.jpg\" alt=\"\" class=\"uag-image-2443\" width=\"625\" height=\"625\" title=\"1\" loading=\"lazy\" role=\"img\"\/><\/figure><\/div>\n\n\n\n<div class=\"wp-block-uagb-image uagb-block-11fffcd0 wp-block-uagb-image--layout-default wp-block-uagb-image--effect-static wp-block-uagb-image--align-none\"><figure class=\"wp-block-uagb-image__figure\"><img decoding=\"async\" srcset=\"http:\/\/compcell.com.br\/site\/wp-content\/uploads\/2024\/11\/FotosCompcell.png ,http:\/\/compcell.com.br\/site\/wp-content\/uploads\/2024\/11\/FotosCompcell.png 780w, http:\/\/compcell.com.br\/site\/wp-content\/uploads\/2024\/11\/FotosCompcell.png 360w\" sizes=\"auto, (max-width: 480px) 150px\" src=\"http:\/\/compcell.com.br\/site\/wp-content\/uploads\/2024\/11\/FotosCompcell.png\" alt=\"\" class=\"uag-image-2457\" width=\"625\" height=\"625\" title=\"FotosCompcell\" loading=\"lazy\" role=\"img\"\/><\/figure><\/div>\n<\/div>\n\n\n\n<div class=\"wp-block-uagb-buttons uagb-buttons__outer-wrap uagb-btn__default-btn uagb-btn-tablet__default-btn uagb-btn-mobile__default-btn uagb-block-77a31664\"><div class=\"uagb-buttons__wrap uagb-buttons-layout-wrap \">\n<div class=\"wp-block-uagb-buttons-child uagb-buttons__outer-wrap uagb-block-cc514627 wp-block-button\"><div class=\"uagb-button__wrapper\"><a class=\"uagb-buttons-repeater wp-block-button__link\" aria-label=\"\" href=\"#\" rel=\"follow noopener\" target=\"_self\" role=\"button\"><div class=\"uagb-button__link\">Veja mais<\/div><\/a><\/div><\/div>\n<\/div><\/div>\n\n\n\n<div class=\"wp-block-uagb-advanced-heading uagb-block-75815616\"><h2 class=\"uagb-heading-text\">Nossos clientes<\/h2><p class=\"uagb-desc-text\">Nossos clientes s\u00e3o a alma do neg\u00f3cio, temos orgulho e satisfa\u00e7ao em apoiar o crescimento de muitas empresas em Campinas.\u200b<\/p><\/div>\n<\/div><\/div>\n\n\n\n<div class=\"wp-block-uagb-container uagb-block-3b905f6b alignfull uagb-is-root-container\"><div class=\"uagb-container-inner-blocks-wrap\">\n<div class=\"wp-block-uagb-container uagb-block-3150e9a9\">\n<div class=\"wp-block-uagb-image aligncenter uagb-block-029404d8 wp-block-uagb-image--layout-default wp-block-uagb-image--effect-static wp-block-uagb-image--align-center\"><figure class=\"wp-block-uagb-image__figure\"><img decoding=\"async\" srcset=\"http:\/\/compcell.com.br\/site\/wp-content\/uploads\/2021\/03\/logo-5.svg , http:\/\/compcell.com.br\/site\/wp-content\/uploads\/2021\/03\/logo-5.svg 360w\" sizes=\"auto, (max-width: 480px) 150px\" src=\"http:\/\/compcell.com.br\/site\/wp-content\/uploads\/2021\/03\/logo-5.svg\" alt=\"\" class=\"uag-image-1463\" width=\"160\" height=\"160\" title=\"\" loading=\"lazy\" role=\"img\"\/><\/figure><\/div>\n<\/div>\n\n\n\n<div class=\"wp-block-uagb-container uagb-block-43f7edea\">\n<div class=\"wp-block-uagb-image aligncenter uagb-block-fc8762de wp-block-uagb-image--layout-default wp-block-uagb-image--effect-static wp-block-uagb-image--align-center\"><figure class=\"wp-block-uagb-image__figure\"><img decoding=\"async\" srcset=\"http:\/\/compcell.com.br\/site\/wp-content\/uploads\/2021\/03\/logo-3.svg , http:\/\/compcell.com.br\/site\/wp-content\/uploads\/2021\/03\/logo-3.svg 360w\" sizes=\"auto, (max-width: 480px) 150px\" src=\"http:\/\/compcell.com.br\/site\/wp-content\/uploads\/2021\/03\/logo-3.svg\" alt=\"\" class=\"uag-image-1461\" width=\"160\" height=\"160\" title=\"\" loading=\"lazy\" role=\"img\"\/><\/figure><\/div>\n<\/div>\n\n\n\n<div class=\"wp-block-uagb-container uagb-block-5c547ba7\">\n<div class=\"wp-block-uagb-image aligncenter uagb-block-466c8c26 wp-block-uagb-image--layout-default wp-block-uagb-image--effect-static wp-block-uagb-image--align-center\"><figure class=\"wp-block-uagb-image__figure\"><img decoding=\"async\" srcset=\"http:\/\/compcell.com.br\/site\/wp-content\/uploads\/2021\/03\/logo-4.svg , http:\/\/compcell.com.br\/site\/wp-content\/uploads\/2021\/03\/logo-4.svg 360w\" sizes=\"auto, (max-width: 480px) 150px\" src=\"http:\/\/compcell.com.br\/site\/wp-content\/uploads\/2021\/03\/logo-4.svg\" alt=\"\" class=\"uag-image-1462\" width=\"160\" height=\"160\" title=\"\" loading=\"lazy\" role=\"img\"\/><\/figure><\/div>\n<\/div>\n\n\n\n<div class=\"wp-block-uagb-container uagb-block-ab837842\">\n<div class=\"wp-block-uagb-image aligncenter uagb-block-080eb598 wp-block-uagb-image--layout-default wp-block-uagb-image--effect-static wp-block-uagb-image--align-center\"><figure class=\"wp-block-uagb-image__figure\"><img decoding=\"async\" srcset=\"http:\/\/compcell.com.br\/site\/wp-content\/uploads\/2021\/03\/logo-2.svg , http:\/\/compcell.com.br\/site\/wp-content\/uploads\/2021\/03\/logo-2.svg 360w\" sizes=\"auto, (max-width: 480px) 150px\" src=\"http:\/\/compcell.com.br\/site\/wp-content\/uploads\/2021\/03\/logo-2.svg\" alt=\"\" class=\"uag-image-1460\" width=\"160\" height=\"160\" title=\"\" loading=\"lazy\" role=\"img\"\/><\/figure><\/div>\n<\/div>\n<\/div><\/div>\n\n\n\n<div class=\"wp-block-uagb-container uagb-block-2680a5ad alignfull uagb-is-root-container\"><div class=\"uagb-container-inner-blocks-wrap\">\n<div class=\"wp-block-uagb-advanced-heading uagb-block-bc93f32d\"><h3 class=\"uagb-heading-text\">&#8220;Atendimento atencioso e trabalho de qualidade!&#8221;\u200b<\/h3><p class=\"uagb-desc-text\">&#8220;Sou cliente \u00e0 anos, s\u00e3o sempre muito profissionais e atenciosos. Super indico.<br>Melhor lugar para compra e manuten\u00e7\u00e3o de equipamentos de inform\u00e1tica.&#8221;\u200b<\/p><\/div>\n\n\n\n<div class=\"wp-block-uagb-info-box uagb-block-10c323d0 uagb-infobox__content-wrap  uagb-infobox-icon-above-title uagb-infobox-image-valign-top\"><div class=\"uagb-ifb-content\"><div class=\"uagb-ifb-image-content\"><img decoding=\"async\" src=\"http:\/\/compcell.com.br\/site\/wp-content\/uploads\/2024\/11\/IconeSocialCliente.jpg\" alt=\"\" width=\"60\" height=\"60\" loading=\"lazy\"\/><\/div><div class=\"uagb-ifb-title-wrap\"><h3 class=\"uagb-ifb-title\"><strong>Paulo Fabris<\/strong><\/h3><\/div><p class=\"uagb-ifb-desc\">\u200b<\/p><\/div><\/div>\n<\/div><\/div>\n\n\n\n<div class=\"wp-block-uagb-container uagb-block-b997312a alignfull uagb-is-root-container\"><div class=\"uagb-container-inner-blocks-wrap\">\n<div class=\"wp-block-uagb-container uagb-layout-grid uagb-block-005fba1f\">\n<div class=\"wp-block-uagb-advanced-heading uagb-block-12865cae\"><h3 class=\"uagb-heading-text\">Quer come\u00e7ar um projeto com a Compcell ??\u200b<\/h3><p class=\"uagb-desc-text\">Tenha acessoria para iniciar um projeto tecnologico, te auxiliamos a escolher a solu\u00e7ao correta para seu negocio.<\/p><\/div>\n\n\n\n<div class=\"wp-block-uagb-buttons uagb-buttons__outer-wrap uagb-btn__default-btn uagb-btn-tablet__default-btn uagb-btn-mobile__default-btn uagb-block-2c953428\"><div class=\"uagb-buttons__wrap uagb-buttons-layout-wrap \">\n<div class=\"wp-block-uagb-buttons-child uagb-buttons__outer-wrap uagb-block-8bb4b826 wp-block-button\"><div class=\"uagb-button__wrapper\"><a class=\"uagb-buttons-repeater wp-block-button__link\" aria-label=\"\" href=\"https:\/\/wa.me\/19978059959\" rel=\"follow noopener\" target=\"_blank\" role=\"button\"><div class=\"uagb-button__link\">Whatsapp<\/div><\/a><\/div><\/div>\n<\/div><\/div>\n<\/div>\n<\/div><\/div>\n","protected":false},"excerpt":{"rendered":"<p>Como podemos te ajudar?\u200b Listamos alguns servi\u00e7os que oferecemos a nossos parceiros de campinas e regi\u00e3o.\u200b Projetos Atendemos uma gama vasta de clientes e servi\u00e7os, desde computadores de alta performance a servi\u00e7os ao comercio campineiro. Nossos clientes Nossos clientes s\u00e3o a alma do neg\u00f3cio, temos orgulho e satisfa\u00e7ao em apoiar o crescimento de muitas empresas [&hellip;]<\/p>\n","protected":false},"author":1,"featured_media":0,"parent":0,"menu_order":0,"comment_status":"closed","ping_status":"closed","template":"","meta":{"_uag_custom_page_level_css":"","site-sidebar-layout":"no-sidebar","site-content-layout":"page-builder","ast-site-content-layout":"full-width-container","site-content-style":"unboxed","site-sidebar-style":"unboxed","ast-global-header-display":"","ast-banner-title-visibility":"","ast-main-header-display":"","ast-hfb-above-header-display":"","ast-hfb-below-header-display":"","ast-hfb-mobile-header-display":"","site-post-title":"disabled","ast-breadcrumbs-content":"","ast-featured-img":"disabled","footer-sml-layout":"","theme-transparent-header-meta":"enabled","adv-header-id-meta":"","stick-header-meta":"","header-above-stick-meta":"","header-main-stick-meta":"","header-below-stick-meta":"","astra-migrate-meta-layouts":"set","ast-page-background-enabled":"default","ast-page-background-meta":{"desktop":{"background-color":"","background-image":"","background-repeat":"repeat","background-position":"center center","background-size":"auto","background-attachment":"scroll","background-type":"","background-media":"","overlay-type":"","overlay-color":"","overlay-opacity":"","overlay-gradient":""},"tablet":{"background-color":"","background-image":"","background-repeat":"repeat","background-position":"center center","background-size":"auto","background-attachment":"scroll","background-type":"","background-media":"","overlay-type":"","overlay-color":"","overlay-opacity":"","overlay-gradient":""},"mobile":{"background-color":"","background-image":"","background-repeat":"repeat","background-position":"center center","background-size":"auto","background-attachment":"scroll","background-type":"","background-media":"","overlay-type":"","overlay-color":"","overlay-opacity":"","overlay-gradient":""}},"ast-content-background-meta":{"desktop":{"background-color":"var(--ast-global-color-5)","background-image":"","background-repeat":"repeat","background-position":"center center","background-size":"auto","background-attachment":"scroll","background-type":"","background-media":"","overlay-type":"","overlay-color":"","overlay-opacity":"","overlay-gradient":""},"tablet":{"background-color":"var(--ast-global-color-5)","background-image":"","background-repeat":"repeat","background-position":"center center","background-size":"auto","background-attachment":"scroll","background-type":"","background-media":"","overlay-type":"","overlay-color":"","overlay-opacity":"","overlay-gradient":""},"mobile":{"background-color":"var(--ast-global-color-5)","background-image":"","background-repeat":"repeat","background-position":"center center","background-size":"auto","background-attachment":"scroll","background-type":"","background-media":"","overlay-type":"","overlay-color":"","overlay-opacity":"","overlay-gradient":""}},"footnotes":""},"class_list":["post-1488","page","type-page","status-publish","hentry"],"uagb_featured_image_src":{"full":false,"thumbnail":false,"medium":false,"medium_large":false,"large":false,"1536x1536":false,"2048x2048":false},"uagb_author_info":{"display_name":"psite","author_link":"http:\/\/compcell.com.br\/site\/author\/psite\/"},"uagb_comment_info":0,"uagb_excerpt":"Como podemos te ajudar?\u200b Listamos alguns servi\u00e7os que oferecemos a nossos parceiros de campinas e regi\u00e3o.\u200b Projetos Atendemos uma gama vasta de clientes e servi\u00e7os, desde computadores de alta performance a servi\u00e7os ao comercio campineiro. Nossos clientes Nossos clientes s\u00e3o a alma do neg\u00f3cio, temos orgulho e satisfa\u00e7ao em apoiar o crescimento de muitas empresas&hellip;","_links":{"self":[{"href":"http:\/\/compcell.com.br\/site\/wp-json\/wp\/v2\/pages\/1488","targetHints":{"allow":["GET"]}}],"collection":[{"href":"http:\/\/compcell.com.br\/site\/wp-json\/wp\/v2\/pages"}],"about":[{"href":"http:\/\/compcell.com.br\/site\/wp-json\/wp\/v2\/types\/page"}],"author":[{"embeddable":true,"href":"http:\/\/compcell.com.br\/site\/wp-json\/wp\/v2\/users\/1"}],"replies":[{"embeddable":true,"href":"http:\/\/compcell.com.br\/site\/wp-json\/wp\/v2\/comments?post=1488"}],"version-history":[{"count":25,"href":"http:\/\/compcell.com.br\/site\/wp-json\/wp\/v2\/pages\/1488\/revisions"}],"predecessor-version":[{"id":2500,"href":"http:\/\/compcell.com.br\/site\/wp-json\/wp\/v2\/pages\/1488\/revisions\/2500"}],"wp:attachment":[{"href":"http:\/\/compcell.com.br\/site\/wp-json\/wp\/v2\/media?parent=1488"}],"curies":[{"name":"wp","href":"https:\/\/api.w.org\/{rel}","templated":true}]}}